{"id":81,"date":"2018-02-28T20:58:28","date_gmt":"2018-02-28T19:58:28","guid":{"rendered":"https:\/\/www.99curve.it\/?page_id=81"},"modified":"2026-01-03T13:46:53","modified_gmt":"2026-01-03T12:46:53","slug":"program","status":"publish","type":"page","link":"https:\/\/www.99curve.it\/en\/program\/","title":{"rendered":"Program"},"content":{"rendered":"\n<h2 class=\"wp-block-heading\">Saturday 2 May 2026<\/h2>\n\n<ul>\n<li>From 10.00 to <strong>19.00<\/strong> opening village with exhibition and vintage market, stand with local products and test bike activities for young and old, registration and race pack collection<\/li>\n\n\n\n<li><strong>14.30<\/strong> Cronosquadre La Principessa<\/li>\n\n\n\n<li><strong>16.30<\/strong> <a href=\"https:\/\/www.99curve.it\/en\/surplace\/\">SURPLACE CONTEST<\/a><\/li>\n\n\n\n<li><strong>17.00<\/strong> Awards<\/li>\n\n\n\n<li><strong>18.00<\/strong> DJSET &amp; APERITIVO<\/li>\n\n\n\n<li><strong>20.30<\/strong> Dinner 99 CURVE<\/li>\n<\/ul>\n\n<hr class=\"wp-block-separator has-alpha-channel-opacity\"\/>\n\n<h2 class=\"wp-block-heading\">Sunday 3 May 2026<\/h2>\n\n<ul>\n<li>From <strong>7.30<\/strong> to <strong>8.30<\/strong> opening of registrations and of race pack collection<\/li>\n\n\n\n<li><strong>9.00<\/strong> start 99 CURVE Ciclostorica<\/li>\n\n\n\n<li><strong>12.30<\/strong> pasta party<\/li>\n\n\n\n<li><strong>16.00<\/strong> awards<\/li>\n<\/ul>\n\n<hr class=\"wp-block-separator has-alpha-channel-opacity\"\/>\n\n<div> <\/div>\n\n<div class=\"wp-block-media-text alignwide is-stacked-on-mobile\"><figure class=\"wp-block-media-text__media\"><img decoding=\"async\" loading=\"lazy\" width=\"1024\" height=\"1024\" src=\"https:\/\/www.99curve.it\/wp-content\/uploads\/2022\/04\/mostra-vintage-01-1024x1024.png\" alt=\"\" class=\"wp-image-2250 size-full\"\/><\/figure><div class=\"wp-block-media-text__content\">\n<h2 class=\"wp-block-heading\">MOSTRA BICI E MAGLIE D&#8217;EPOCA<\/h2>\n\n\n\n<p>Presso la Torre di San Vincenzo.<\/p>\n\n\n\n<p>Esposizione di bici, maglie e cimeli d&#8217;epoca dalle collezioni personali di &#8220;Carube&#8221;, al secolo Roberto Lencioni, e Mauro Caverni.<\/p>\n\n\n\n<p>Orari: Sabato dalle 10.00 alle 12.30 e dalle 14.30 alle 19.00 &#8211; Domenica dalle 9.00 alle 12.30 e dalle 14.30 alle 17.00.<\/p>\n<\/div><\/div>\n\n<hr class=\"wp-block-separator has-alpha-channel-opacity\"\/>\n\n<hr class=\"wp-block-separator has-alpha-channel-opacity\"\/>\n\n<div class=\"wp-block-media-text alignwide is-stacked-on-mobile\"><figure class=\"wp-block-media-text__media\"><img decoding=\"async\" loading=\"lazy\" width=\"1024\" height=\"1024\" src=\"https:\/\/www.99curve.it\/wp-content\/uploads\/2025\/04\/Museo-Archivio-1024x1024.jpg\" alt=\"\" class=\"wp-image-2826 size-full\" srcset=\"https:\/\/www.99curve.it\/wp-content\/uploads\/2025\/04\/Museo-Archivio-1024x1024.jpg 1024w, https:\/\/www.99curve.it\/wp-content\/uploads\/2025\/04\/Museo-Archivio-300x300.jpg 300w, https:\/\/www.99curve.it\/wp-content\/uploads\/2025\/04\/Museo-Archivio-150x150.jpg 150w, https:\/\/www.99curve.it\/wp-content\/uploads\/2025\/04\/Museo-Archivio-768x768.jpg 768w, https:\/\/www.99curve.it\/wp-content\/uploads\/2025\/04\/Museo-Archivio-940x940.jpg 940w, https:\/\/www.99curve.it\/wp-content\/uploads\/2025\/04\/Museo-Archivio-80x80.jpg 80w, https:\/\/www.99curve.it\/wp-content\/uploads\/2025\/04\/Museo-Archivio.jpg 1080w\" sizes=\"(max-width: 1024px) 100vw, 1024px\" \/><\/figure><div class=\"wp-block-media-text__content\">\n<p><strong>MUSEO ARCHIVIO CARDUCCI<\/strong><\/p>\n\n\n\n<p>Aperto nell\u2019ambito delle celebrazioni del 75\u00b0 anniversario della morte del poeta raccoglie libri e riviste, materiale iconografico e soprattutto le bozze delle poesie legate<br\/>al territorio: \u00e8 proprio questo legame a rendere il Museo Archivio Giosu\u00e8 Carducci un museo della comunit\u00e0.<\/p>\n\n\n\n<p>Il 3 e 4 maggio il Museo sar\u00e0 aperto con orario 10-13\/16-19. L&#8217;ingresso \u00e8 gratuito.<\/p>\n<\/div><\/div>\n\n<hr class=\"wp-block-separator has-alpha-channel-opacity\"\/>\n\n<div class=\"wp-block-media-text alignwide is-stacked-on-mobile\"><figure class=\"wp-block-media-text__media\"><img decoding=\"async\" loading=\"lazy\" width=\"1024\" height=\"1024\" src=\"https:\/\/www.99curve.it\/wp-content\/uploads\/2025\/04\/Casa-Carducci-1024x1024.jpg\" alt=\"\" class=\"wp-image-2831 size-full\" srcset=\"https:\/\/www.99curve.it\/wp-content\/uploads\/2025\/04\/Casa-Carducci-1024x1024.jpg 1024w, https:\/\/www.99curve.it\/wp-content\/uploads\/2025\/04\/Casa-Carducci-300x300.jpg 300w, https:\/\/www.99curve.it\/wp-content\/uploads\/2025\/04\/Casa-Carducci-150x150.jpg 150w, https:\/\/www.99curve.it\/wp-content\/uploads\/2025\/04\/Casa-Carducci-768x768.jpg 768w, https:\/\/www.99curve.it\/wp-content\/uploads\/2025\/04\/Casa-Carducci-940x940.jpg 940w, https:\/\/www.99curve.it\/wp-content\/uploads\/2025\/04\/Casa-Carducci-80x80.jpg 80w, https:\/\/www.99curve.it\/wp-content\/uploads\/2025\/04\/Casa-Carducci.jpg 1080w\" sizes=\"(max-width: 1024px) 100vw, 1024px\" \/><\/figure><div class=\"wp-block-media-text__content\">\n<p><strong>CASA CARDUCCI<\/strong><\/p>\n\n\n\n<p>Il museo <strong>Casa<\/strong> <strong>Carducci<\/strong> nasce per rievocare il<strong> legame tra il poeta e il borgo<\/strong> di Castagneto Carducci. Il padre dello scrittore esercit\u00f2 infatti la professione a Bolgheri dal 1838, ma per le sue convinzioni progressiste fu costretto a traslocare nella pi\u00f9 tranquilla Castagneto. <\/p>\n\n\n\n<p>A Castagneto, Giosu\u00e8 Carducci ritorn\u00f2 spesso da adulto, ospitato in questa casa dalla famiglia Espinassi Moratti.<\/p>\n<\/div><\/div>\n","protected":false},"excerpt":{"rendered":"<p>Saturday 2 May 2026 Sunday 3 May 2026 MOSTRA BICI E MAGLIE D&#8217;EPOCA Presso la Torre di San Vincenzo. Esposizione di bici, maglie e cimeli d&#8217;epoca dalle collezioni personali di &#8220;Carube&#8221;, al secolo Roberto Lencioni, e Mauro Caverni. Orari: Sabato dalle 10.00 alle 12.30 e dalle 14.30 alle 19.00 &#8211; Domenica dalle 9.00 alle 12.30 [&hellip;]<\/p>\n","protected":false},"author":1,"featured_media":0,"parent":0,"menu_order":0,"comment_status":"closed","ping_status":"closed","template":"","meta":{"ngg_post_thumbnail":0},"acf":[],"_links":{"self":[{"href":"https:\/\/www.99curve.it\/en\/wp-json\/wp\/v2\/pages\/81"}],"collection":[{"href":"https:\/\/www.99curve.it\/en\/wp-json\/wp\/v2\/pages"}],"about":[{"href":"https:\/\/www.99curve.it\/en\/wp-json\/wp\/v2\/types\/page"}],"author":[{"embeddable":true,"href":"https:\/\/www.99curve.it\/en\/wp-json\/wp\/v2\/users\/1"}],"replies":[{"embeddable":true,"href":"https:\/\/www.99curve.it\/en\/wp-json\/wp\/v2\/comments?post=81"}],"version-history":[{"count":11,"href":"https:\/\/www.99curve.it\/en\/wp-json\/wp\/v2\/pages\/81\/revisions"}],"predecessor-version":[{"id":2976,"href":"https:\/\/www.99curve.it\/en\/wp-json\/wp\/v2\/pages\/81\/revisions\/2976"}],"wp:attachment":[{"href":"https:\/\/www.99curve.it\/en\/wp-json\/wp\/v2\/media?parent=81"}],"curies":[{"name":"wp","href":"https:\/\/api.w.org\/{rel}","templated":true}]}}